{"id":1006,"date":"2021-05-04T13:58:25","date_gmt":"2021-05-04T11:58:25","guid":{"rendered":"http:\/\/crisbelproduction.fr\/?page_id=1006"},"modified":"2025-08-19T17:24:19","modified_gmt":"2025-08-19T15:24:19","slug":"nous-decouvrir","status":"publish","type":"page","link":"https:\/\/crisbelproduction.fr\/?page_id=1006","title":{"rendered":"NOUS CONNAITRE"},"content":{"rendered":"\n<div class=\"wp-block-group alignfull is-content-justification-center\" style=\"margin-top:0;margin-bottom:0;padding-top:calc( 0.5 * var(--wp--style--root--padding-right, var(--wp--custom--gap--horizontal)));padding-right:var(--wp--style--root--padding-right, var(--wp--custom--gap--horizontal));padding-bottom:calc( 0.5 * var(--wp--style--root--padding-right, var(--wp--custom--gap--horizontal)));padding-left:var(--wp--style--root--padding-left, var(--wp--custom--gap--horizontal))\"><div class=\"wp-block-group__inner-container is-layout-constrained wp-container-core-group-is-layout-b073b61b wp-block-group-is-layout-constrained\">\n<div style=\"height:calc( 0.25 * var(--wp--style--root--padding-right, var(--wp--custom--gap--horizontal)))\" aria-hidden=\"true\" class=\"wp-block-spacer\"><\/div>\n\n\n\n<div class=\"wp-block-columns alignwide is-layout-flex wp-container-core-columns-is-layout-41e3e26a wp-block-columns-is-layout-flex\">\n<div class=\"wp-block-column is-layout-flow wp-block-column-is-layout-flow\">\n<figure class=\"wp-block-image size-large\"><img loading=\"lazy\" decoding=\"async\" width=\"1024\" height=\"682\" src=\"https:\/\/crisbelproduction.fr\/wp-content\/uploads\/2025\/08\/page-nous-connaitre-1-1-1024x682.jpg\" alt=\"\" class=\"wp-image-2320\" style=\"aspect-ratio:4\/3;object-fit:cover\" srcset=\"https:\/\/crisbelproduction.fr\/wp-content\/uploads\/2025\/08\/page-nous-connaitre-1-1-1024x682.jpg 1024w, https:\/\/crisbelproduction.fr\/wp-content\/uploads\/2025\/08\/page-nous-connaitre-1-1-300x200.jpg 300w, https:\/\/crisbelproduction.fr\/wp-content\/uploads\/2025\/08\/page-nous-connaitre-1-1-768x512.jpg 768w, https:\/\/crisbelproduction.fr\/wp-content\/uploads\/2025\/08\/page-nous-connaitre-1-1-1170x780.jpg 1170w, https:\/\/crisbelproduction.fr\/wp-content\/uploads\/2025\/08\/page-nous-connaitre-1-1-600x400.jpg 600w, https:\/\/crisbelproduction.fr\/wp-content\/uploads\/2025\/08\/page-nous-connaitre-1-1.jpg 1199w\" sizes=\"auto, (max-width: 1024px) 100vw, 1024px\" \/><\/figure>\n\n\n\n<div style=\"height:4px\" aria-hidden=\"true\" class=\"wp-block-spacer\"><\/div>\n\n\n\n<div class=\"wp-block-group\"><div class=\"wp-block-group__inner-container is-layout-flow wp-block-group-is-layout-flow\">\n<h3 class=\"wp-block-heading is-service-name has-medium-font-size\" style=\"font-style:normal;font-weight:700\">La musique autrement avec Crisbel PRODUCTION<\/h3>\n<\/div><\/div>\n\n\n\n<p class=\"is-service-description\">La musique est une passion. Que vous soyez amateur ou professionnel et quel que soit votre projet, <strong>Crisbel PRODUCTION<\/strong> vous accompagne tout au long de votre aventure musicale et artistique.<\/p>\n\n\n\n<p>Nos prestations en d\u00e9tail<\/p>\n<\/div>\n\n\n\n<div class=\"wp-block-column is-layout-flow wp-block-column-is-layout-flow\">\n<figure class=\"wp-block-image size-large\"><img loading=\"lazy\" decoding=\"async\" width=\"1024\" height=\"768\" src=\"https:\/\/crisbelproduction.fr\/wp-content\/uploads\/2025\/08\/page-nous-connaitre-2-1024x768.jpg\" alt=\"\" class=\"wp-image-2319\" style=\"aspect-ratio:4\/3;object-fit:cover\" srcset=\"https:\/\/crisbelproduction.fr\/wp-content\/uploads\/2025\/08\/page-nous-connaitre-2-1024x768.jpg 1024w, https:\/\/crisbelproduction.fr\/wp-content\/uploads\/2025\/08\/page-nous-connaitre-2-300x225.jpg 300w, https:\/\/crisbelproduction.fr\/wp-content\/uploads\/2025\/08\/page-nous-connaitre-2-768x576.jpg 768w, https:\/\/crisbelproduction.fr\/wp-content\/uploads\/2025\/08\/page-nous-connaitre-2-1170x878.jpg 1170w, https:\/\/crisbelproduction.fr\/wp-content\/uploads\/2025\/08\/page-nous-connaitre-2-600x450.jpg 600w, https:\/\/crisbelproduction.fr\/wp-content\/uploads\/2025\/08\/page-nous-connaitre-2.jpg 1200w\" sizes=\"auto, (max-width: 1024px) 100vw, 1024px\" \/><\/figure>\n\n\n\n<div style=\"height:4px\" aria-hidden=\"true\" class=\"wp-block-spacer\"><\/div>\n\n\n\n<div class=\"wp-block-group\"><div class=\"wp-block-group__inner-container is-layout-flow wp-block-group-is-layout-flow\">\n<h3 class=\"wp-block-heading is-service-name has-medium-font-size\" style=\"font-style:normal;font-weight:700\">Cr\u00e9er tout ce que vous voulez avec Crisbel PRODUCTION<\/h3>\n<\/div><\/div>\n\n\n\n<p class=\"is-service-description\"><strong>Crisbel PRODUCTION<\/strong>, propose une prestation personnalis\u00e9e, adapt\u00e9e \u00e0 vos envie, \u00e0 votre budget, \u00e0 vos besoins. Vous appr\u00e9cierez de travailler dans un cadre calme et agr\u00e9able, propice \u00e0 la cr\u00e9ation.<\/p>\n\n\n\n<p>D\u00e9couvrez nos r\u00e9alisations<\/p>\n<\/div>\n\n\n\n<div class=\"wp-block-column is-layout-flow wp-block-column-is-layout-flow\">\n<figure class=\"wp-block-image size-full\"><img loading=\"lazy\" decoding=\"async\" width=\"612\" height=\"406\" src=\"https:\/\/crisbelproduction.fr\/wp-content\/uploads\/2021\/02\/spectacle.jpg\" alt=\"\" class=\"wp-image-897\" style=\"aspect-ratio:4\/3;object-fit:cover\" srcset=\"https:\/\/crisbelproduction.fr\/wp-content\/uploads\/2021\/02\/spectacle.jpg 612w, https:\/\/crisbelproduction.fr\/wp-content\/uploads\/2021\/02\/spectacle-600x398.jpg 600w, https:\/\/crisbelproduction.fr\/wp-content\/uploads\/2021\/02\/spectacle-300x199.jpg 300w\" sizes=\"auto, (max-width: 612px) 100vw, 612px\" \/><\/figure>\n\n\n\n<div style=\"height:4px\" aria-hidden=\"true\" class=\"wp-block-spacer\"><\/div>\n\n\n\n<div class=\"wp-block-group\"><div class=\"wp-block-group__inner-container is-layout-flow wp-block-group-is-layout-flow\">\n<h3 class=\"wp-block-heading is-service-name has-medium-font-size\" style=\"font-style:normal;font-weight:700\">L&rsquo;\u00e9quipe et le r\u00e9seau de Crisbel PRODUCTION<\/h3>\n<\/div><\/div>\n\n\n\n<p class=\"is-service-description\"><strong>Crisbel PRODUCTION<\/strong> , c\u2019est aussi une \u00e9quipe et un r\u00e9seau de partenaires (audiovisuel, promotion, communication, marketing&#8230;) pour faire de votre projet, une aventure musicale pleinement r\u00e9ussie.<\/p>\n\n\n\n<p class=\"is-service-description\"><a href=\"https:\/\/crisbelproduction.fr\/?page_id=1116\">D\u00e9couvrez la team -><\/a> <\/p>\n<\/div>\n<\/div>\n\n\n\n<div style=\"height:calc( 0.25 * var(--wp--style--root--padding-right, var(--wp--custom--gap--horizontal)))\" aria-hidden=\"true\" class=\"wp-block-spacer\"><\/div>\n<\/div><\/div>\n\n\n\n<div class=\"wp-block-columns is-layout-flex wp-container-core-columns-is-layout-9d6595d7 wp-block-columns-is-layout-flex\">\n<div class=\"wp-block-column is-layout-flow wp-block-column-is-layout-flow\"><\/div>\n<\/div>\n\n\n\n<div class=\"wp-block-group alignfull is-content-justification-center\" style=\"margin-top:0;margin-bottom:0;padding-top:calc( 0.5 * var(--wp--style--root--padding-right, var(--wp--custom--gap--horizontal)));padding-right:var(--wp--style--root--padding-right, var(--wp--custom--gap--horizontal));padding-bottom:calc( 0.5 * var(--wp--style--root--padding-right, var(--wp--custom--gap--horizontal)));padding-left:var(--wp--style--root--padding-left, var(--wp--custom--gap--horizontal))\"><div class=\"wp-block-group__inner-container is-layout-constrained wp-container-core-group-is-layout-b073b61b wp-block-group-is-layout-constrained\">\n<div style=\"height:calc( 0.25 * var(--wp--style--root--padding-right, var(--wp--custom--gap--horizontal)))\" aria-hidden=\"true\" class=\"wp-block-spacer\"><\/div>\n\n\n\n<div style=\"height:calc( 0.25 * var(--wp--style--root--padding-right, var(--wp--custom--gap--horizontal)))\" aria-hidden=\"true\" class=\"wp-block-spacer\"><\/div>\n<\/div><\/div>\n\n\n\n<div class=\"wp-block-columns alignfull is-layout-flex wp-container-core-columns-is-layout-9d6595d7 wp-block-columns-is-layout-flex\">\n<div class=\"wp-block-column is-layout-flow wp-block-column-is-layout-flow\" style=\"flex-basis:100%\"><\/div>\n<\/div>\n\n\n\n<p><\/p>\n","protected":false},"excerpt":{"rendered":"<p>La musique autrement avec Crisbel PRODUCTION La musique est une passion. Que vous soyez amateur ou professionnel et quel que soit votre projet, Crisbel PRODUCTION<\/p>\n","protected":false},"author":1,"featured_media":0,"parent":0,"menu_order":0,"comment_status":"closed","ping_status":"closed","template":"","meta":{"footnotes":""},"class_list":["post-1006","page","type-page","status-publish","hentry","two-columns"],"_links":{"self":[{"href":"https:\/\/crisbelproduction.fr\/index.php?rest_route=\/wp\/v2\/pages\/1006","targetHints":{"allow":["GET"]}}],"collection":[{"href":"https:\/\/crisbelproduction.fr\/index.php?rest_route=\/wp\/v2\/pages"}],"about":[{"href":"https:\/\/crisbelproduction.fr\/index.php?rest_route=\/wp\/v2\/types\/page"}],"author":[{"embeddable":true,"href":"https:\/\/crisbelproduction.fr\/index.php?rest_route=\/wp\/v2\/users\/1"}],"replies":[{"embeddable":true,"href":"https:\/\/crisbelproduction.fr\/index.php?rest_route=%2Fwp%2Fv2%2Fcomments&post=1006"}],"version-history":[{"count":21,"href":"https:\/\/crisbelproduction.fr\/index.php?rest_route=\/wp\/v2\/pages\/1006\/revisions"}],"predecessor-version":[{"id":2339,"href":"https:\/\/crisbelproduction.fr\/index.php?rest_route=\/wp\/v2\/pages\/1006\/revisions\/2339"}],"wp:attachment":[{"href":"https:\/\/crisbelproduction.fr\/index.php?rest_route=%2Fwp%2Fv2%2Fmedia&parent=1006"}],"curies":[{"name":"wp","href":"https:\/\/api.w.org\/{rel}","templated":true}]}}