{"id":1040,"date":"2021-05-04T15:07:30","date_gmt":"2021-05-04T13:07:30","guid":{"rendered":"http:\/\/crisbelproduction.fr\/?page_id=1040"},"modified":"2023-02-04T22:35:37","modified_gmt":"2023-02-04T21:35:37","slug":"nos-prestations","status":"publish","type":"page","link":"https:\/\/crisbelproduction.fr\/?page_id=1040","title":{"rendered":"NOS PRESTATIONS"},"content":{"rendered":"\n<div class=\"wp-block-cover alignfull is-light\" style=\"min-height:100vh;aspect-ratio:unset;\"><span aria-hidden=\"true\" class=\"wp-block-cover__background has-background-dim-100 has-background-dim\" style=\"background-color:#ffffff\"><\/span><div class=\"wp-block-cover__inner-container is-layout-flow wp-block-cover-is-layout-flow\">\n<div class=\"wp-block-media-text alignwide is-stacked-on-mobile is-vertically-aligned-center is-image-fill\" style=\"grid-template-columns:47% auto\"><figure class=\"wp-block-media-text__media\" style=\"background-image:url(https:\/\/crisbelproduction.fr\/wp-content\/uploads\/2021\/05\/studio-1024x768.jpg);background-position:50% 50%\"><img loading=\"lazy\" decoding=\"async\" width=\"1024\" height=\"768\" src=\"https:\/\/crisbelproduction.fr\/wp-content\/uploads\/2021\/05\/studio-1024x768.jpg\" alt=\"\" class=\"wp-image-993 size-full\" srcset=\"https:\/\/crisbelproduction.fr\/wp-content\/uploads\/2021\/05\/studio-1024x768.jpg 1024w, https:\/\/crisbelproduction.fr\/wp-content\/uploads\/2021\/05\/studio-300x225.jpg 300w, https:\/\/crisbelproduction.fr\/wp-content\/uploads\/2021\/05\/studio-600x450.jpg 600w, https:\/\/crisbelproduction.fr\/wp-content\/uploads\/2021\/05\/studio-768x576.jpg 768w, https:\/\/crisbelproduction.fr\/wp-content\/uploads\/2021\/05\/studio-1536x1152.jpg 1536w, https:\/\/crisbelproduction.fr\/wp-content\/uploads\/2021\/05\/studio-1440x1080.jpg 1440w, https:\/\/crisbelproduction.fr\/wp-content\/uploads\/2021\/05\/studio.jpg 1920w\" sizes=\"auto, (max-width: 1024px) 100vw, 1024px\" \/><\/figure><div class=\"wp-block-media-text__content\">\n<h2 class=\"wp-block-heading has-text-color\" style=\"color:#000000;font-size:32px\"><strong><strong>Des prestations sur mesure pour un projet unique qui vous ressemble<\/strong><\/strong><\/h2>\n\n\n\n<p><\/p>\n\n\n\n<p class=\"has-text-color\" style=\"color:#000000;font-size:17px\"><strong>CRISBEL PRODUCTION<\/strong> vous propose ainsi un large choix de services personnalis\u00e9s et adapt\u00e9s \u00e0 vos envies, vos aspirations, votre budget.<\/p>\n\n\n\n<p>Avec Christian Belly, auteur, compositeur, arrangeur MAO, r\u00e9alisons ensemble le projet musical qui vous ressemble.<\/p>\n\n\n\n<div class=\"wp-block-buttons is-content-justification-right is-layout-flex wp-container-core-buttons-is-layout-765c4724 wp-block-buttons-is-layout-flex\">\n<div class=\"wp-block-button has-custom-width wp-block-button__width-75 is-style-fill\" style=\"font-style:normal;font-weight:800\"><a class=\"wp-block-button__link has-background wp-element-button\" href=\"https:\/\/crisbelproduction.fr\/?page_id=8\" style=\"border-radius:0px;background:linear-gradient(135deg,rgb(9,9,83) 0%,rgb(6,45,112) 100%)\" target=\"_blank\" rel=\"noreferrer noopener\"><strong>Contactez-nous<\/strong><\/a><\/div>\n<\/div>\n<\/div><\/div>\n<\/div><\/div>\n","protected":false},"excerpt":{"rendered":"","protected":false},"author":1,"featured_media":0,"parent":1006,"menu_order":0,"comment_status":"closed","ping_status":"closed","template":"","meta":{"footnotes":""},"class_list":["post-1040","page","type-page","status-publish","hentry","two-columns"],"_links":{"self":[{"href":"https:\/\/crisbelproduction.fr\/index.php?rest_route=\/wp\/v2\/pages\/1040","targetHints":{"allow":["GET"]}}],"collection":[{"href":"https:\/\/crisbelproduction.fr\/index.php?rest_route=\/wp\/v2\/pages"}],"about":[{"href":"https:\/\/crisbelproduction.fr\/index.php?rest_route=\/wp\/v2\/types\/page"}],"author":[{"embeddable":true,"href":"https:\/\/crisbelproduction.fr\/index.php?rest_route=\/wp\/v2\/users\/1"}],"replies":[{"embeddable":true,"href":"https:\/\/crisbelproduction.fr\/index.php?rest_route=%2Fwp%2Fv2%2Fcomments&post=1040"}],"version-history":[{"count":15,"href":"https:\/\/crisbelproduction.fr\/index.php?rest_route=\/wp\/v2\/pages\/1040\/revisions"}],"predecessor-version":[{"id":1400,"href":"https:\/\/crisbelproduction.fr\/index.php?rest_route=\/wp\/v2\/pages\/1040\/revisions\/1400"}],"up":[{"embeddable":true,"href":"https:\/\/crisbelproduction.fr\/index.php?rest_route=\/wp\/v2\/pages\/1006"}],"wp:attachment":[{"href":"https:\/\/crisbelproduction.fr\/index.php?rest_route=%2Fwp%2Fv2%2Fmedia&parent=1040"}],"curies":[{"name":"wp","href":"https:\/\/api.w.org\/{rel}","templated":true}]}}