{"id":2076,"date":"2025-08-16T18:13:18","date_gmt":"2025-08-16T16:13:18","guid":{"rendered":"https:\/\/crisbelproduction.fr\/?page_id=2076"},"modified":"2025-09-11T22:09:39","modified_gmt":"2025-09-11T20:09:39","slug":"katy-lain-ai","status":"publish","type":"page","link":"https:\/\/crisbelproduction.fr\/?page_id=2076","title":{"rendered":"KATY LAIN (AI)"},"content":{"rendered":"\n<div class=\"wp-block-media-text alignwide is-vertically-aligned-top is-image-fill-element has-white-color has-cyan-bluish-gray-background-color has-text-color has-background\" style=\"grid-template-columns:37% auto\"><figure class=\"wp-block-media-text__media\"><img loading=\"lazy\" decoding=\"async\" width=\"819\" height=\"1024\" src=\"https:\/\/crisbelproduction.fr\/wp-content\/uploads\/2025\/08\/katy_lain_page_presentation-819x1024.jpg\" alt=\"\" class=\"wp-image-2105 size-full\" style=\"object-position:49% 16%\" srcset=\"https:\/\/crisbelproduction.fr\/wp-content\/uploads\/2025\/08\/katy_lain_page_presentation-819x1024.jpg 819w, https:\/\/crisbelproduction.fr\/wp-content\/uploads\/2025\/08\/katy_lain_page_presentation-240x300.jpg 240w, https:\/\/crisbelproduction.fr\/wp-content\/uploads\/2025\/08\/katy_lain_page_presentation-768x960.jpg 768w, https:\/\/crisbelproduction.fr\/wp-content\/uploads\/2025\/08\/katy_lain_page_presentation-600x750.jpg 600w, https:\/\/crisbelproduction.fr\/wp-content\/uploads\/2025\/08\/katy_lain_page_presentation.jpg 1024w\" sizes=\"auto, (max-width: 819px) 100vw, 819px\" \/><\/figure><div class=\"wp-block-media-text__content\">\n<blockquote class=\"wp-block-quote is-style-default is-layout-flow wp-block-quote-is-layout-flow\">\n<p class=\"has-black-color has-text-color\">Hi, I&rsquo;m Katy Lain !<\/p>\n\n\n\n<p class=\"has-black-color has-text-color has-link-color wp-elements-8b5d54f331d135acfd3ffc18d9294a0e\">I am an artist created by Crisbel PRODUCTION. <br>I am 22 years old and I am a French-English singer. I have been singing since I was a teenager, on small stages in London. Today, I want to conquer the French public. Discover my real world !<\/p>\n\n\n\n<p class=\"has-black-color has-text-color has-link-color wp-elements-6a7909eed56e414b170428320ef41f87\">Katy<\/p>\n<\/blockquote>\n<\/div><\/div>\n\n\n\n<div class=\"wp-block-group\"><div class=\"wp-block-group__inner-container is-layout-flow wp-block-group-is-layout-flow\">\n<p><\/p>\n\n\n\n<p class=\"has-drop-cap\"><\/p>\n<\/div><\/div>\n\n\n\n<div class=\"wp-block-columns is-layout-flex wp-container-core-columns-is-layout-9d6595d7 wp-block-columns-is-layout-flex\">\n<div class=\"wp-block-column is-layout-flow wp-block-column-is-layout-flow\" style=\"flex-basis:100%\"><ul class=\"wp-block-latest-posts__list is-grid columns-6 has-dates aligncenter wp-block-latest-posts\"><li><div class=\"wp-block-latest-posts__featured-image\"><a href=\"https:\/\/crisbelproduction.fr\/?p=2477\" aria-label=\"KATY LAIN &#8211; Seize the day\"><img loading=\"lazy\" decoding=\"async\" width=\"640\" height=\"640\" src=\"https:\/\/crisbelproduction.fr\/wp-content\/uploads\/2026\/04\/seize-copie-1024x1024.jpg\" class=\"attachment-large size-large wp-post-image\" alt=\"\" style=\"\" srcset=\"https:\/\/crisbelproduction.fr\/wp-content\/uploads\/2026\/04\/seize-copie-1024x1024.jpg 1024w, https:\/\/crisbelproduction.fr\/wp-content\/uploads\/2026\/04\/seize-copie-300x300.jpg 300w, https:\/\/crisbelproduction.fr\/wp-content\/uploads\/2026\/04\/seize-copie-150x150.jpg 150w, https:\/\/crisbelproduction.fr\/wp-content\/uploads\/2026\/04\/seize-copie-768x768.jpg 768w, https:\/\/crisbelproduction.fr\/wp-content\/uploads\/2026\/04\/seize-copie-1170x1170.jpg 1170w, https:\/\/crisbelproduction.fr\/wp-content\/uploads\/2026\/04\/seize-copie-600x600.jpg 600w, https:\/\/crisbelproduction.fr\/wp-content\/uploads\/2026\/04\/seize-copie-100x100.jpg 100w, https:\/\/crisbelproduction.fr\/wp-content\/uploads\/2026\/04\/seize-copie.jpg 1400w\" sizes=\"auto, (max-width: 640px) 100vw, 640px\" \/><\/a><\/div><a class=\"wp-block-latest-posts__post-title\" href=\"https:\/\/crisbelproduction.fr\/?p=2477\">KATY LAIN &#8211; Seize the day<\/a><time datetime=\"2026-04-07T19:06:01+02:00\" class=\"wp-block-latest-posts__post-date\">7 avril 2026<\/time><div class=\"wp-block-latest-posts__post-excerpt\">Nouveau titre de Katy Lain avec Seize the day compos\u00e9 par Christian Belly pour Crisbel Production, dans un style orchestral\/op\u00e9ra rock<\/div><\/li>\n<li><div class=\"wp-block-latest-posts__featured-image\"><a href=\"https:\/\/crisbelproduction.fr\/?p=2468\" aria-label=\"KATY LAIN &#8211; Hush\"><img loading=\"lazy\" decoding=\"async\" width=\"640\" height=\"640\" src=\"https:\/\/crisbelproduction.fr\/wp-content\/uploads\/2026\/03\/katy-lain-hush-1-1024x1024.jpg\" class=\"attachment-large size-large wp-post-image\" alt=\"\" style=\"\" srcset=\"https:\/\/crisbelproduction.fr\/wp-content\/uploads\/2026\/03\/katy-lain-hush-1-1024x1024.jpg 1024w, https:\/\/crisbelproduction.fr\/wp-content\/uploads\/2026\/03\/katy-lain-hush-1-300x300.jpg 300w, https:\/\/crisbelproduction.fr\/wp-content\/uploads\/2026\/03\/katy-lain-hush-1-150x150.jpg 150w, https:\/\/crisbelproduction.fr\/wp-content\/uploads\/2026\/03\/katy-lain-hush-1-768x768.jpg 768w, https:\/\/crisbelproduction.fr\/wp-content\/uploads\/2026\/03\/katy-lain-hush-1-1536x1536.jpg 1536w, https:\/\/crisbelproduction.fr\/wp-content\/uploads\/2026\/03\/katy-lain-hush-1-scaled.jpg 2048w, https:\/\/crisbelproduction.fr\/wp-content\/uploads\/2026\/03\/katy-lain-hush-1-1170x1170.jpg 1170w, https:\/\/crisbelproduction.fr\/wp-content\/uploads\/2026\/03\/katy-lain-hush-1-600x600.jpg 600w, https:\/\/crisbelproduction.fr\/wp-content\/uploads\/2026\/03\/katy-lain-hush-1-100x100.jpg 100w\" sizes=\"auto, (max-width: 640px) 100vw, 640px\" \/><\/a><\/div><a class=\"wp-block-latest-posts__post-title\" href=\"https:\/\/crisbelproduction.fr\/?p=2468\">KATY LAIN &#8211; Hush<\/a><time datetime=\"2026-03-22T11:08:36+01:00\" class=\"wp-block-latest-posts__post-date\">22 mars 2026<\/time><div class=\"wp-block-latest-posts__post-excerpt\">D\u00e9couvrez le tout dernier titre de Katy Lain, Hush. <\/div><\/li>\n<li><div class=\"wp-block-latest-posts__featured-image\"><a href=\"https:\/\/crisbelproduction.fr\/?p=2446\" aria-label=\"KATY LAIN &#8211; Echec et mat\"><img loading=\"lazy\" decoding=\"async\" width=\"480\" height=\"256\" src=\"https:\/\/crisbelproduction.fr\/wp-content\/uploads\/2025\/11\/echec-et-mat-pochette-youtube-copie-1-1.jpg\" class=\"attachment-large size-large wp-post-image\" alt=\"\" style=\"\" srcset=\"https:\/\/crisbelproduction.fr\/wp-content\/uploads\/2025\/11\/echec-et-mat-pochette-youtube-copie-1-1.jpg 480w, https:\/\/crisbelproduction.fr\/wp-content\/uploads\/2025\/11\/echec-et-mat-pochette-youtube-copie-1-1-300x160.jpg 300w\" sizes=\"auto, (max-width: 480px) 100vw, 480px\" \/><\/a><\/div><a class=\"wp-block-latest-posts__post-title\" href=\"https:\/\/crisbelproduction.fr\/?p=2446\">KATY LAIN &#8211; Echec et mat<\/a><time datetime=\"2025-11-15T17:07:17+01:00\" class=\"wp-block-latest-posts__post-date\">15 novembre 2025<\/time><div class=\"wp-block-latest-posts__post-excerpt\">Sur un \u00e9chiquier o\u00f9 s\u2019affrontent lumi\u00e8re et t\u00e9n\u00e8bres, la belle reine blanche est retenue prisonni\u00e8re d\u2019un roi noir qui la contraint \u00e0 l&rsquo;\u00e9pouser. Mais quand le Fou \u2014 un prince au courage insens\u00e9 \u2014 franchit les portes du royaume du roi noir, une bataille f\u00e9roce s&rsquo;ensuit. Tour \u00e0 tour les pi\u00e8ces du jeu tombent, cases apr\u00e8s case l&rsquo;arm\u00e9e blanche avance, jusqu&rsquo;\u00e0 la d\u00e9livrance de la belle et la d\u00e9ch\u00e9ance du roi noir.<\/div><\/li>\n<li><div class=\"wp-block-latest-posts__featured-image\"><a href=\"https:\/\/crisbelproduction.fr\/?p=2460\" aria-label=\"KATY LAIN &#8211; My Flows\"><img loading=\"lazy\" decoding=\"async\" width=\"640\" height=\"640\" src=\"https:\/\/crisbelproduction.fr\/wp-content\/uploads\/2025\/10\/my-flaws-copie-1024x1024.jpg\" class=\"attachment-large size-large wp-post-image\" alt=\"\" style=\"\" srcset=\"https:\/\/crisbelproduction.fr\/wp-content\/uploads\/2025\/10\/my-flaws-copie-1024x1024.jpg 1024w, https:\/\/crisbelproduction.fr\/wp-content\/uploads\/2025\/10\/my-flaws-copie-300x300.jpg 300w, https:\/\/crisbelproduction.fr\/wp-content\/uploads\/2025\/10\/my-flaws-copie-150x150.jpg 150w, https:\/\/crisbelproduction.fr\/wp-content\/uploads\/2025\/10\/my-flaws-copie-768x768.jpg 768w, https:\/\/crisbelproduction.fr\/wp-content\/uploads\/2025\/10\/my-flaws-copie-1536x1536.jpg 1536w, https:\/\/crisbelproduction.fr\/wp-content\/uploads\/2025\/10\/my-flaws-copie-1170x1170.jpg 1170w, https:\/\/crisbelproduction.fr\/wp-content\/uploads\/2025\/10\/my-flaws-copie-600x600.jpg 600w, https:\/\/crisbelproduction.fr\/wp-content\/uploads\/2025\/10\/my-flaws-copie-100x100.jpg 100w, https:\/\/crisbelproduction.fr\/wp-content\/uploads\/2025\/10\/my-flaws-copie.jpg 2000w\" sizes=\"auto, (max-width: 640px) 100vw, 640px\" \/><\/a><\/div><a class=\"wp-block-latest-posts__post-title\" href=\"https:\/\/crisbelproduction.fr\/?p=2460\">KATY LAIN &#8211; My Flows<\/a><time datetime=\"2025-10-13T18:43:56+02:00\" class=\"wp-block-latest-posts__post-date\">13 octobre 2025<\/time><div class=\"wp-block-latest-posts__post-excerpt\">D\u00e9couvrez le nouveau titre de Katy Lain My Flows<\/div><\/li>\n<li><div class=\"wp-block-latest-posts__featured-image\"><a href=\"https:\/\/crisbelproduction.fr\/?p=2399\" aria-label=\"KATY LAIN &#8211; What&rsquo;s up brother\"><img loading=\"lazy\" decoding=\"async\" width=\"640\" height=\"360\" src=\"https:\/\/crisbelproduction.fr\/wp-content\/uploads\/2025\/09\/kathy.jpg\" class=\"attachment-large size-large wp-post-image\" alt=\"\" style=\"\" srcset=\"https:\/\/crisbelproduction.fr\/wp-content\/uploads\/2025\/09\/kathy.jpg 960w, https:\/\/crisbelproduction.fr\/wp-content\/uploads\/2025\/09\/kathy-300x169.jpg 300w, https:\/\/crisbelproduction.fr\/wp-content\/uploads\/2025\/09\/kathy-768x432.jpg 768w, https:\/\/crisbelproduction.fr\/wp-content\/uploads\/2025\/09\/kathy-600x338.jpg 600w\" sizes=\"auto, (max-width: 640px) 100vw, 640px\" \/><\/a><\/div><a class=\"wp-block-latest-posts__post-title\" href=\"https:\/\/crisbelproduction.fr\/?p=2399\">KATY LAIN &#8211; What&rsquo;s up brother<\/a><time datetime=\"2025-09-11T22:07:45+02:00\" class=\"wp-block-latest-posts__post-date\">11 septembre 2025<\/time><div class=\"wp-block-latest-posts__post-excerpt\">D\u00e9couvrez le nouveau titre de Katy Lain, What(s up brother<\/div><\/li>\n<li><div class=\"wp-block-latest-posts__featured-image\"><a href=\"https:\/\/crisbelproduction.fr\/?p=2093\" aria-label=\"KATY LAIN &#8211; Imagine\"><img loading=\"lazy\" decoding=\"async\" width=\"640\" height=\"361\" src=\"https:\/\/crisbelproduction.fr\/wp-content\/uploads\/2025\/08\/katy_lain_imagine_article-1024x577.jpg\" class=\"attachment-large size-large wp-post-image\" alt=\"\" style=\"\" srcset=\"https:\/\/crisbelproduction.fr\/wp-content\/uploads\/2025\/08\/katy_lain_imagine_article-1024x577.jpg 1024w, https:\/\/crisbelproduction.fr\/wp-content\/uploads\/2025\/08\/katy_lain_imagine_article-300x169.jpg 300w, https:\/\/crisbelproduction.fr\/wp-content\/uploads\/2025\/08\/katy_lain_imagine_article-768x433.jpg 768w, https:\/\/crisbelproduction.fr\/wp-content\/uploads\/2025\/08\/katy_lain_imagine_article-1536x866.jpg 1536w, https:\/\/crisbelproduction.fr\/wp-content\/uploads\/2025\/08\/katy_lain_imagine_article-1170x660.jpg 1170w, https:\/\/crisbelproduction.fr\/wp-content\/uploads\/2025\/08\/katy_lain_imagine_article-600x338.jpg 600w, https:\/\/crisbelproduction.fr\/wp-content\/uploads\/2025\/08\/katy_lain_imagine_article.jpg 1816w\" sizes=\"auto, (max-width: 640px) 100vw, 640px\" \/><\/a><\/div><a class=\"wp-block-latest-posts__post-title\" href=\"https:\/\/crisbelproduction.fr\/?p=2093\">KATY LAIN &#8211; Imagine<\/a><time datetime=\"2025-08-16T18:56:46+02:00\" class=\"wp-block-latest-posts__post-date\">16 ao\u00fbt 2025<\/time><div class=\"wp-block-latest-posts__post-excerpt\">D\u00e9couvrez le nouveau titre de Katy Lain, Imagine<\/div><\/li>\n<li><div class=\"wp-block-latest-posts__featured-image\"><a href=\"https:\/\/crisbelproduction.fr\/?p=2081\" aria-label=\"KATY LAIN &#8211; Stop the World\"><img loading=\"lazy\" decoding=\"async\" width=\"640\" height=\"360\" src=\"https:\/\/crisbelproduction.fr\/wp-content\/uploads\/2025\/08\/katy_lane_stop_article-1024x576.jpg\" class=\"attachment-large size-large wp-post-image\" alt=\"\" style=\"\" srcset=\"https:\/\/crisbelproduction.fr\/wp-content\/uploads\/2025\/08\/katy_lane_stop_article-1024x576.jpg 1024w, https:\/\/crisbelproduction.fr\/wp-content\/uploads\/2025\/08\/katy_lane_stop_article-300x169.jpg 300w, https:\/\/crisbelproduction.fr\/wp-content\/uploads\/2025\/08\/katy_lane_stop_article-768x432.jpg 768w, https:\/\/crisbelproduction.fr\/wp-content\/uploads\/2025\/08\/katy_lane_stop_article-1536x864.jpg 1536w, https:\/\/crisbelproduction.fr\/wp-content\/uploads\/2025\/08\/katy_lane_stop_article-1170x658.jpg 1170w, https:\/\/crisbelproduction.fr\/wp-content\/uploads\/2025\/08\/katy_lane_stop_article-600x338.jpg 600w, https:\/\/crisbelproduction.fr\/wp-content\/uploads\/2025\/08\/katy_lane_stop_article.jpg 1920w\" sizes=\"auto, (max-width: 640px) 100vw, 640px\" \/><\/a><\/div><a class=\"wp-block-latest-posts__post-title\" href=\"https:\/\/crisbelproduction.fr\/?p=2081\">KATY LAIN &#8211; Stop the World<\/a><time datetime=\"2025-08-16T18:32:33+02:00\" class=\"wp-block-latest-posts__post-date\">16 ao\u00fbt 2025<\/time><div class=\"wp-block-latest-posts__post-excerpt\">D\u00e9couvrez le nouveau titre de Katy Lain, Stop the World<\/div><\/li>\n<\/ul><\/div>\n<\/div>\n\n\n\n<figure class=\"wp-block-embed is-type-rich is-provider-spotify wp-block-embed-spotify wp-embed-aspect-21-9 wp-has-aspect-ratio\"><div class=\"wp-block-embed__wrapper\">\n<iframe title=\"Spotify Embed: Katy Lain\" style=\"border-radius: 12px\" width=\"100%\" height=\"352\" frameborder=\"0\" allowfullscreen allow=\"autoplay; clipboard-write; encrypted-media; fullscreen; picture-in-picture\" loading=\"lazy\" src=\"https:\/\/open.spotify.com\/embed\/artist\/0vpBRzY7yHWSWQRTKAlqZA?utm_source=oembed\"><\/iframe>\n<\/div><\/figure>\n\n\n<div class=\"has-avatars has-dates has-excerpts no-comments wp-block-latest-comments\">Aucun commentaire \u00e0 afficher.<\/div>","protected":false},"excerpt":{"rendered":"","protected":false},"author":1,"featured_media":2105,"parent":1083,"menu_order":0,"comment_status":"closed","ping_status":"closed","template":"","meta":{"footnotes":""},"class_list":["post-2076","page","type-page","status-publish","has-post-thumbnail","hentry","two-columns"],"_links":{"self":[{"href":"https:\/\/crisbelproduction.fr\/index.php?rest_route=\/wp\/v2\/pages\/2076","targetHints":{"allow":["GET"]}}],"collection":[{"href":"https:\/\/crisbelproduction.fr\/index.php?rest_route=\/wp\/v2\/pages"}],"about":[{"href":"https:\/\/crisbelproduction.fr\/index.php?rest_route=\/wp\/v2\/types\/page"}],"author":[{"embeddable":true,"href":"https:\/\/crisbelproduction.fr\/index.php?rest_route=\/wp\/v2\/users\/1"}],"replies":[{"embeddable":true,"href":"https:\/\/crisbelproduction.fr\/index.php?rest_route=%2Fwp%2Fv2%2Fcomments&post=2076"}],"version-history":[{"count":9,"href":"https:\/\/crisbelproduction.fr\/index.php?rest_route=\/wp\/v2\/pages\/2076\/revisions"}],"predecessor-version":[{"id":2403,"href":"https:\/\/crisbelproduction.fr\/index.php?rest_route=\/wp\/v2\/pages\/2076\/revisions\/2403"}],"up":[{"embeddable":true,"href":"https:\/\/crisbelproduction.fr\/index.php?rest_route=\/wp\/v2\/pages\/1083"}],"wp:featuredmedia":[{"embeddable":true,"href":"https:\/\/crisbelproduction.fr\/index.php?rest_route=\/wp\/v2\/media\/2105"}],"wp:attachment":[{"href":"https:\/\/crisbelproduction.fr\/index.php?rest_route=%2Fwp%2Fv2%2Fmedia&parent=2076"}],"curies":[{"name":"wp","href":"https:\/\/api.w.org\/{rel}","templated":true}]}}