{"id":240,"date":"2021-02-04T14:54:50","date_gmt":"2021-02-04T13:54:50","guid":{"rendered":"http:\/\/crisbelproduction.fr\/?page_id=240"},"modified":"2023-02-05T16:01:23","modified_gmt":"2023-02-05T15:01:23","slug":"aylie-2","status":"publish","type":"page","link":"https:\/\/crisbelproduction.fr\/?page_id=240","title":{"rendered":"AYLIE"},"content":{"rendered":"\n<div class=\"wp-block-media-text alignwide is-vertically-aligned-top is-image-fill has-white-color has-cyan-bluish-gray-background-color has-text-color has-background\" style=\"grid-template-columns:37% auto\"><figure class=\"wp-block-media-text__media\" style=\"background-image:url(https:\/\/crisbelproduction.fr\/wp-content\/uploads\/2021\/04\/cropped-aylie.png);background-position:56% 24%\"><img decoding=\"async\" src=\"https:\/\/crisbelproduction.fr\/wp-content\/uploads\/2021\/04\/cropped-aylie.png\" alt=\"\" class=\"wp-image-1068 size-full\"\/><\/figure><div class=\"wp-block-media-text__content\">\n<blockquote class=\"wp-block-quote is-style-default is-layout-flow wp-block-quote-is-layout-flow\">\n<p class=\"has-black-color has-text-color\">Je<em> suis Aylie, 29 ans et je r\u00e9side \u00e0 Lyon, Je chante depuis mon plus jeune \u00e2ge. Studio d\u2019enregistrement, une vid\u00e9o pro sur Youtube, l\u2019album Haunted sorti en septembre 2020 sur toutes les plateformes, pr\u00eate pour la sc\u00e8ne, rencontrer le public, et enfin, \u00eatre moi ! Avec mon label, j\u2019aimerais faire connaitre au monde entier mes chansons. Je vous invite \u00e0 d\u00e9couvrir mes derniers titres. Et tr\u00e8s bient\u00f4t, d&rsquo;autres \u00e9v\u00e9nements suivront !<\/em><\/p>\n<\/blockquote>\n<\/div><\/div>\n\n\n\n<div class=\"wp-block-group\"><div class=\"wp-block-group__inner-container is-layout-flow wp-block-group-is-layout-flow\">\n<p><\/p>\n\n\n\n<p class=\"has-drop-cap\"><\/p>\n<\/div><\/div>\n\n\n<ul class=\"wp-block-latest-posts__list is-grid columns-6 has-dates wp-block-latest-posts\"><li><div class=\"wp-block-latest-posts__featured-image aligncenter\"><a href=\"https:\/\/crisbelproduction.fr\/?p=1587\" aria-label=\"AYLIE &#8211; Haunted\"><img loading=\"lazy\" decoding=\"async\" width=\"150\" height=\"150\" src=\"https:\/\/crisbelproduction.fr\/wp-content\/uploads\/2025\/08\/aylie-album-article-150x150.jpg\" class=\"attachment-thumbnail size-thumbnail wp-post-image\" alt=\"\" style=\"\" srcset=\"https:\/\/crisbelproduction.fr\/wp-content\/uploads\/2025\/08\/aylie-album-article-150x150.jpg 150w, https:\/\/crisbelproduction.fr\/wp-content\/uploads\/2025\/08\/aylie-album-article-100x100.jpg 100w\" sizes=\"auto, (max-width: 150px) 100vw, 150px\" \/><\/a><\/div><a class=\"wp-block-latest-posts__post-title\" href=\"https:\/\/crisbelproduction.fr\/?p=1587\">AYLIE &#8211; Haunted<\/a><time datetime=\"2023-10-10T15:30:06+02:00\" class=\"wp-block-latest-posts__post-date\">10 octobre 2023<\/time><div class=\"wp-block-latest-posts__post-excerpt\">R\u00e9\u00e9dition exceptionnelle du 1er album d&rsquo;Aylie disponible sur notre boutique ! Profitez-en !<\/div><\/li>\n<li><div class=\"wp-block-latest-posts__featured-image aligncenter\"><a href=\"https:\/\/crisbelproduction.fr\/?p=1431\" aria-label=\"AYLIE &#8211; Auditions\"><img loading=\"lazy\" decoding=\"async\" width=\"150\" height=\"150\" src=\"https:\/\/crisbelproduction.fr\/wp-content\/uploads\/2025\/08\/aylie-auditions-article-150x150.jpg\" class=\"attachment-thumbnail size-thumbnail wp-post-image\" alt=\"\" style=\"\" srcset=\"https:\/\/crisbelproduction.fr\/wp-content\/uploads\/2025\/08\/aylie-auditions-article-150x150.jpg 150w, https:\/\/crisbelproduction.fr\/wp-content\/uploads\/2025\/08\/aylie-auditions-article-300x300.jpg 300w, https:\/\/crisbelproduction.fr\/wp-content\/uploads\/2025\/08\/aylie-auditions-article-1024x1024.jpg 1024w, https:\/\/crisbelproduction.fr\/wp-content\/uploads\/2025\/08\/aylie-auditions-article-768x768.jpg 768w, https:\/\/crisbelproduction.fr\/wp-content\/uploads\/2025\/08\/aylie-auditions-article-1536x1536.jpg 1536w, https:\/\/crisbelproduction.fr\/wp-content\/uploads\/2025\/08\/aylie-auditions-article-scaled.jpg 2048w, https:\/\/crisbelproduction.fr\/wp-content\/uploads\/2025\/08\/aylie-auditions-article-1170x1170.jpg 1170w, https:\/\/crisbelproduction.fr\/wp-content\/uploads\/2025\/08\/aylie-auditions-article-600x600.jpg 600w, https:\/\/crisbelproduction.fr\/wp-content\/uploads\/2025\/08\/aylie-auditions-article-100x100.jpg 100w\" sizes=\"auto, (max-width: 150px) 100vw, 150px\" \/><\/a><\/div><a class=\"wp-block-latest-posts__post-title\" href=\"https:\/\/crisbelproduction.fr\/?p=1431\">AYLIE &#8211; Auditions<\/a><time datetime=\"2023-02-11T15:42:58+01:00\" class=\"wp-block-latest-posts__post-date\">11 f\u00e9vrier 2023<\/time><div class=\"wp-block-latest-posts__post-excerpt\">N&rsquo;oubliez pas mon visage\nRetenez \u00e7a comme un pr\u00e9sage\nJe prends le temps qu&rsquo;il faudra\nCe fauteuil se retournera<\/div><\/li>\n<li><div class=\"wp-block-latest-posts__featured-image aligncenter\"><a href=\"https:\/\/crisbelproduction.fr\/?p=1281\" aria-label=\"AYLE &#8211; Finger Dance\"><img loading=\"lazy\" decoding=\"async\" width=\"150\" height=\"150\" src=\"https:\/\/crisbelproduction.fr\/wp-content\/uploads\/2022\/10\/aylie-finger-danse-article-150x150.jpg\" class=\"attachment-thumbnail size-thumbnail wp-post-image\" alt=\"\" style=\"\" srcset=\"https:\/\/crisbelproduction.fr\/wp-content\/uploads\/2022\/10\/aylie-finger-danse-article-150x150.jpg 150w, https:\/\/crisbelproduction.fr\/wp-content\/uploads\/2022\/10\/aylie-finger-danse-article-300x300.jpg 300w, https:\/\/crisbelproduction.fr\/wp-content\/uploads\/2022\/10\/aylie-finger-danse-article-1024x1024.jpg 1024w, https:\/\/crisbelproduction.fr\/wp-content\/uploads\/2022\/10\/aylie-finger-danse-article-768x768.jpg 768w, https:\/\/crisbelproduction.fr\/wp-content\/uploads\/2022\/10\/aylie-finger-danse-article-1536x1536.jpg 1536w, https:\/\/crisbelproduction.fr\/wp-content\/uploads\/2022\/10\/aylie-finger-danse-article-scaled.jpg 2048w, https:\/\/crisbelproduction.fr\/wp-content\/uploads\/2022\/10\/aylie-finger-danse-article-1170x1170.jpg 1170w, https:\/\/crisbelproduction.fr\/wp-content\/uploads\/2022\/10\/aylie-finger-danse-article-600x600.jpg 600w, https:\/\/crisbelproduction.fr\/wp-content\/uploads\/2022\/10\/aylie-finger-danse-article-100x100.jpg 100w\" sizes=\"auto, (max-width: 150px) 100vw, 150px\" \/><\/a><\/div><a class=\"wp-block-latest-posts__post-title\" href=\"https:\/\/crisbelproduction.fr\/?p=1281\">AYLE &#8211; Finger Dance<\/a><time datetime=\"2022-10-15T15:17:06+02:00\" class=\"wp-block-latest-posts__post-date\">15 octobre 2022<\/time><div class=\"wp-block-latest-posts__post-excerpt\">D\u00e9couvrez le dernier titre de Aylie, en duo avec Belly C. <\/div><\/li>\n<li><div class=\"wp-block-latest-posts__featured-image aligncenter\"><a href=\"https:\/\/crisbelproduction.fr\/?p=1274\" aria-label=\"AYLIE &#8211; F\u00eate de la musique \u00e0 Saint-Genis Laval\"><img loading=\"lazy\" decoding=\"async\" width=\"150\" height=\"150\" src=\"https:\/\/crisbelproduction.fr\/wp-content\/uploads\/2025\/08\/aylie-fete-musique-article-150x150.jpg\" class=\"attachment-thumbnail size-thumbnail wp-post-image\" alt=\"\" style=\"\" srcset=\"https:\/\/crisbelproduction.fr\/wp-content\/uploads\/2025\/08\/aylie-fete-musique-article-150x150.jpg 150w, https:\/\/crisbelproduction.fr\/wp-content\/uploads\/2025\/08\/aylie-fete-musique-article-300x300.jpg 300w, https:\/\/crisbelproduction.fr\/wp-content\/uploads\/2025\/08\/aylie-fete-musique-article-1024x1024.jpg 1024w, https:\/\/crisbelproduction.fr\/wp-content\/uploads\/2025\/08\/aylie-fete-musique-article-768x768.jpg 768w, https:\/\/crisbelproduction.fr\/wp-content\/uploads\/2025\/08\/aylie-fete-musique-article-600x600.jpg 600w, https:\/\/crisbelproduction.fr\/wp-content\/uploads\/2025\/08\/aylie-fete-musique-article-100x100.jpg 100w, https:\/\/crisbelproduction.fr\/wp-content\/uploads\/2025\/08\/aylie-fete-musique-article.jpg 1080w\" sizes=\"auto, (max-width: 150px) 100vw, 150px\" \/><\/a><\/div><a class=\"wp-block-latest-posts__post-title\" href=\"https:\/\/crisbelproduction.fr\/?p=1274\">AYLIE &#8211; F\u00eate de la musique \u00e0 Saint-Genis Laval<\/a><time datetime=\"2022-06-10T17:35:18+02:00\" class=\"wp-block-latest-posts__post-date\">10 juin 2022<\/time><div class=\"wp-block-latest-posts__post-excerpt\">A l&rsquo;occasion de la f\u00eate de la musique, venez applaudir<\/div><\/li>\n<li><div class=\"wp-block-latest-posts__featured-image aligncenter\"><a href=\"https:\/\/crisbelproduction.fr\/?p=1267\" aria-label=\"AYLIE &#8211; R\u00e9veille toi\"><img loading=\"lazy\" decoding=\"async\" width=\"150\" height=\"150\" src=\"https:\/\/crisbelproduction.fr\/wp-content\/uploads\/2025\/08\/aylie-reveille-toi-article-150x150.jpg\" class=\"attachment-thumbnail size-thumbnail wp-post-image\" alt=\"\" style=\"\" srcset=\"https:\/\/crisbelproduction.fr\/wp-content\/uploads\/2025\/08\/aylie-reveille-toi-article-150x150.jpg 150w, https:\/\/crisbelproduction.fr\/wp-content\/uploads\/2025\/08\/aylie-reveille-toi-article-300x300.jpg 300w, https:\/\/crisbelproduction.fr\/wp-content\/uploads\/2025\/08\/aylie-reveille-toi-article-1024x1024.jpg 1024w, https:\/\/crisbelproduction.fr\/wp-content\/uploads\/2025\/08\/aylie-reveille-toi-article-768x768.jpg 768w, https:\/\/crisbelproduction.fr\/wp-content\/uploads\/2025\/08\/aylie-reveille-toi-article-1536x1536.jpg 1536w, https:\/\/crisbelproduction.fr\/wp-content\/uploads\/2025\/08\/aylie-reveille-toi-article-scaled.jpg 2048w, https:\/\/crisbelproduction.fr\/wp-content\/uploads\/2025\/08\/aylie-reveille-toi-article-1170x1170.jpg 1170w, https:\/\/crisbelproduction.fr\/wp-content\/uploads\/2025\/08\/aylie-reveille-toi-article-600x600.jpg 600w, https:\/\/crisbelproduction.fr\/wp-content\/uploads\/2025\/08\/aylie-reveille-toi-article-100x100.jpg 100w\" sizes=\"auto, (max-width: 150px) 100vw, 150px\" \/><\/a><\/div><a class=\"wp-block-latest-posts__post-title\" href=\"https:\/\/crisbelproduction.fr\/?p=1267\">AYLIE &#8211; R\u00e9veille toi<\/a><time datetime=\"2022-01-10T20:17:04+01:00\" class=\"wp-block-latest-posts__post-date\">10 janvier 2022<\/time><div class=\"wp-block-latest-posts__post-excerpt\">R\u00e9veille-toi, il est temps                                                                                                                                            De quitter tes draps blancs                                                                                                                              Dehors c\u2019est le printemps                                                                                                                                     Regarde on est l\u00e0, on t\u2019attend<\/div><\/li>\n<li><div class=\"wp-block-latest-posts__featured-image aligncenter\"><a href=\"https:\/\/crisbelproduction.fr\/?p=1257\" aria-label=\"AYLIE &#8211; Oh !\"><img loading=\"lazy\" decoding=\"async\" width=\"150\" height=\"150\" src=\"https:\/\/crisbelproduction.fr\/wp-content\/uploads\/2025\/08\/aylie-oh-article-150x150.jpg\" class=\"attachment-thumbnail size-thumbnail wp-post-image\" alt=\"\" style=\"\" srcset=\"https:\/\/crisbelproduction.fr\/wp-content\/uploads\/2025\/08\/aylie-oh-article-150x150.jpg 150w, https:\/\/crisbelproduction.fr\/wp-content\/uploads\/2025\/08\/aylie-oh-article-300x300.jpg 300w, https:\/\/crisbelproduction.fr\/wp-content\/uploads\/2025\/08\/aylie-oh-article-768x768.jpg 768w, https:\/\/crisbelproduction.fr\/wp-content\/uploads\/2025\/08\/aylie-oh-article-600x600.jpg 600w, https:\/\/crisbelproduction.fr\/wp-content\/uploads\/2025\/08\/aylie-oh-article-100x100.jpg 100w, https:\/\/crisbelproduction.fr\/wp-content\/uploads\/2025\/08\/aylie-oh-article.jpg 960w\" sizes=\"auto, (max-width: 150px) 100vw, 150px\" \/><\/a><\/div><a class=\"wp-block-latest-posts__post-title\" href=\"https:\/\/crisbelproduction.fr\/?p=1257\">AYLIE &#8211; Oh !<\/a><time datetime=\"2021-11-21T09:56:14+01:00\" class=\"wp-block-latest-posts__post-date\">21 novembre 2021<\/time><div class=\"wp-block-latest-posts__post-excerpt\">Oh !\nSince when do you think of me\nYou find me so carefree\nOr even maybe too teenage\nI never receive your message<\/div><\/li>\n<li><div class=\"wp-block-latest-posts__featured-image aligncenter\"><a href=\"https:\/\/crisbelproduction.fr\/?p=1244\" aria-label=\"AYLIE en direct sur Radio Canut\"><img loading=\"lazy\" decoding=\"async\" width=\"150\" height=\"150\" src=\"https:\/\/crisbelproduction.fr\/wp-content\/uploads\/2025\/08\/avryl-radio-canut-article-150x150.png\" class=\"attachment-thumbnail size-thumbnail wp-post-image\" alt=\"\" style=\"\" srcset=\"https:\/\/crisbelproduction.fr\/wp-content\/uploads\/2025\/08\/avryl-radio-canut-article-150x150.png 150w, https:\/\/crisbelproduction.fr\/wp-content\/uploads\/2025\/08\/avryl-radio-canut-article-100x100.png 100w\" sizes=\"auto, (max-width: 150px) 100vw, 150px\" \/><\/a><\/div><a class=\"wp-block-latest-posts__post-title\" href=\"https:\/\/crisbelproduction.fr\/?p=1244\">AYLIE en direct sur Radio Canut<\/a><time datetime=\"2021-10-10T14:29:37+02:00\" class=\"wp-block-latest-posts__post-date\">10 octobre 2021<\/time><div class=\"wp-block-latest-posts__post-excerpt\">C&rsquo;\u00e9tait ce dimanche 10 octobre 2021 pour l&rsquo;\u00e9mission Musik-etc de<\/div><\/li>\n<li><div class=\"wp-block-latest-posts__featured-image aligncenter\"><a href=\"https:\/\/crisbelproduction.fr\/?p=956\" aria-label=\"AYLIE &#8211; Killer\"><img loading=\"lazy\" decoding=\"async\" width=\"150\" height=\"150\" src=\"https:\/\/crisbelproduction.fr\/wp-content\/uploads\/2025\/08\/aylie-killer-article-150x150.jpg\" class=\"attachment-thumbnail size-thumbnail wp-post-image\" alt=\"\" style=\"\" srcset=\"https:\/\/crisbelproduction.fr\/wp-content\/uploads\/2025\/08\/aylie-killer-article-150x150.jpg 150w, https:\/\/crisbelproduction.fr\/wp-content\/uploads\/2025\/08\/aylie-killer-article-300x300.jpg 300w, https:\/\/crisbelproduction.fr\/wp-content\/uploads\/2025\/08\/aylie-killer-article-768x768.jpg 768w, https:\/\/crisbelproduction.fr\/wp-content\/uploads\/2025\/08\/aylie-killer-article-600x600.jpg 600w, https:\/\/crisbelproduction.fr\/wp-content\/uploads\/2025\/08\/aylie-killer-article-100x100.jpg 100w, https:\/\/crisbelproduction.fr\/wp-content\/uploads\/2025\/08\/aylie-killer-article.jpg 960w\" sizes=\"auto, (max-width: 150px) 100vw, 150px\" \/><\/a><\/div><a class=\"wp-block-latest-posts__post-title\" href=\"https:\/\/crisbelproduction.fr\/?p=956\">AYLIE &#8211; Killer<\/a><time datetime=\"2021-04-14T18:47:34+02:00\" class=\"wp-block-latest-posts__post-date\">14 avril 2021<\/time><div class=\"wp-block-latest-posts__post-excerpt\">i am a killer, i am a killer\nI was born like this,<\/div><\/li>\n<li><div class=\"wp-block-latest-posts__featured-image aligncenter\"><a href=\"https:\/\/crisbelproduction.fr\/?p=128\" aria-label=\"AYLIE &#8211; HAUNTED, le premier album enfin disponible\"><img loading=\"lazy\" decoding=\"async\" width=\"150\" height=\"150\" src=\"https:\/\/crisbelproduction.fr\/wp-content\/uploads\/2021\/02\/cropped-Pochette-album-Aylie-150x150.jpg\" class=\"attachment-thumbnail size-thumbnail wp-post-image\" alt=\"\" style=\"\" srcset=\"https:\/\/crisbelproduction.fr\/wp-content\/uploads\/2021\/02\/cropped-Pochette-album-Aylie-150x150.jpg 150w, https:\/\/crisbelproduction.fr\/wp-content\/uploads\/2021\/02\/cropped-Pochette-album-Aylie-100x100.jpg 100w, https:\/\/crisbelproduction.fr\/wp-content\/uploads\/2021\/02\/cropped-Pochette-album-Aylie-45x45.jpg 45w\" sizes=\"auto, (max-width: 150px) 100vw, 150px\" \/><\/a><\/div><a class=\"wp-block-latest-posts__post-title\" href=\"https:\/\/crisbelproduction.fr\/?p=128\">AYLIE &#8211; HAUNTED, le premier album enfin disponible<\/a><time datetime=\"2020-10-03T23:58:30+02:00\" class=\"wp-block-latest-posts__post-date\">3 octobre 2020<\/time><div class=\"wp-block-latest-posts__post-excerpt\">Haunted, le premier album 9 titres de Aylie, sorti en septembre 2020, est dipsonible en ligne sur toutes les plateformes. Suivez Aylie sur Spotify, Soundcloud, You Tube, Amazon music, Deezer&#8230;<\/div><\/li>\n<li><div class=\"wp-block-latest-posts__featured-image aligncenter\"><a href=\"https:\/\/crisbelproduction.fr\/?p=525\" aria-label=\"AYLIE &#8211; It&rsquo;s over, le premier titre de l&rsquo;album HAUNTED\"><img loading=\"lazy\" decoding=\"async\" width=\"150\" height=\"150\" src=\"https:\/\/crisbelproduction.fr\/wp-content\/uploads\/2025\/08\/Aylie-its-over-1-150x150.jpg\" class=\"attachment-thumbnail size-thumbnail wp-post-image\" alt=\"\" style=\"\" srcset=\"https:\/\/crisbelproduction.fr\/wp-content\/uploads\/2025\/08\/Aylie-its-over-1-150x150.jpg 150w, https:\/\/crisbelproduction.fr\/wp-content\/uploads\/2025\/08\/Aylie-its-over-1-300x298.jpg 300w, https:\/\/crisbelproduction.fr\/wp-content\/uploads\/2025\/08\/Aylie-its-over-1-100x100.jpg 100w, https:\/\/crisbelproduction.fr\/wp-content\/uploads\/2025\/08\/Aylie-its-over-1.jpg 518w\" sizes=\"auto, (max-width: 150px) 100vw, 150px\" \/><\/a><\/div><a class=\"wp-block-latest-posts__post-title\" href=\"https:\/\/crisbelproduction.fr\/?p=525\">AYLIE &#8211; It&rsquo;s over, le premier titre de l&rsquo;album HAUNTED<\/a><time datetime=\"2020-09-10T10:21:07+02:00\" class=\"wp-block-latest-posts__post-date\">10 septembre 2020<\/time><div class=\"wp-block-latest-posts__post-excerpt\">It&rsquo;s over, le premier titre de l&rsquo;album HAUNTED<\/div><\/li>\n<li><div class=\"wp-block-latest-posts__featured-image aligncenter\"><a href=\"https:\/\/crisbelproduction.fr\/?p=520\" aria-label=\"AYLIE &#8211; Before\"><img loading=\"lazy\" decoding=\"async\" width=\"150\" height=\"150\" src=\"https:\/\/crisbelproduction.fr\/wp-content\/uploads\/2025\/08\/AYLIE-BEFORE-150x150.jpg\" class=\"attachment-thumbnail size-thumbnail wp-post-image\" alt=\"\" style=\"\" srcset=\"https:\/\/crisbelproduction.fr\/wp-content\/uploads\/2025\/08\/AYLIE-BEFORE-150x150.jpg 150w, https:\/\/crisbelproduction.fr\/wp-content\/uploads\/2025\/08\/AYLIE-BEFORE-300x300.jpg 300w, https:\/\/crisbelproduction.fr\/wp-content\/uploads\/2025\/08\/AYLIE-BEFORE-100x100.jpg 100w, https:\/\/crisbelproduction.fr\/wp-content\/uploads\/2025\/08\/AYLIE-BEFORE.jpg 521w\" sizes=\"auto, (max-width: 150px) 100vw, 150px\" \/><\/a><\/div><a class=\"wp-block-latest-posts__post-title\" href=\"https:\/\/crisbelproduction.fr\/?p=520\">AYLIE &#8211; Before<\/a><time datetime=\"2020-09-10T10:16:41+02:00\" class=\"wp-block-latest-posts__post-date\">10 septembre 2020<\/time><div class=\"wp-block-latest-posts__post-excerpt\">D\u00e9couvrez le titre Before, extrait de l&rsquo;album Haunted de Aylie<\/div><\/li>\n<li><div class=\"wp-block-latest-posts__featured-image aligncenter\"><a href=\"https:\/\/crisbelproduction.fr\/?p=925\" aria-label=\"AYLIE &#8211; I leaving so\"><img loading=\"lazy\" decoding=\"async\" width=\"150\" height=\"150\" src=\"https:\/\/crisbelproduction.fr\/wp-content\/uploads\/2021\/02\/cropped-aylie-miniature2-1-150x150.jpg\" class=\"attachment-thumbnail size-thumbnail wp-post-image\" alt=\"\" style=\"\" srcset=\"https:\/\/crisbelproduction.fr\/wp-content\/uploads\/2021\/02\/cropped-aylie-miniature2-1-150x150.jpg 150w, https:\/\/crisbelproduction.fr\/wp-content\/uploads\/2021\/02\/cropped-aylie-miniature2-1-100x100.jpg 100w, https:\/\/crisbelproduction.fr\/wp-content\/uploads\/2021\/02\/cropped-aylie-miniature2-1-45x45.jpg 45w\" sizes=\"auto, (max-width: 150px) 100vw, 150px\" \/><\/a><\/div><a class=\"wp-block-latest-posts__post-title\" href=\"https:\/\/crisbelproduction.fr\/?p=925\">AYLIE &#8211; I leaving so<\/a><time datetime=\"2020-07-13T17:19:10+02:00\" class=\"wp-block-latest-posts__post-date\">13 juillet 2020<\/time><div class=\"wp-block-latest-posts__post-excerpt\">D\u00e9couvrez le titre, le clip et la version Karaok\u00e9 de I leaving So de Aylie !<\/div><\/li>\n<\/ul>\n\n\n<figure class=\"wp-block-embed is-type-rich is-provider-spotify wp-block-embed-spotify wp-embed-aspect-21-9 wp-has-aspect-ratio\"><div class=\"wp-block-embed__wrapper\">\n<iframe title=\"Spotify Embed: Aylie\" style=\"border-radius: 12px\" width=\"100%\" height=\"352\" frameborder=\"0\" allowfullscreen allow=\"autoplay; clipboard-write; encrypted-media; fullscreen; picture-in-picture\" loading=\"lazy\" src=\"https:\/\/open.spotify.com\/embed\/artist\/084TYBDGsPvBMVUcJ58iIN?si=vRA_GT3aTyeipFfgnyWbqQ&#038;utm_source=oembed\"><\/iframe>\n<\/div><\/figure>\n\n\n<div class=\"has-avatars has-dates has-excerpts no-comments wp-block-latest-comments\">Aucun commentaire \u00e0 afficher.<\/div>","protected":false},"excerpt":{"rendered":"","protected":false},"author":1,"featured_media":146,"parent":1083,"menu_order":0,"comment_status":"closed","ping_status":"closed","template":"","meta":{"footnotes":""},"class_list":["post-240","page","type-page","status-publish","has-post-thumbnail","hentry","two-columns"],"_links":{"self":[{"href":"https:\/\/crisbelproduction.fr\/index.php?rest_route=\/wp\/v2\/pages\/240","targetHints":{"allow":["GET"]}}],"collection":[{"href":"https:\/\/crisbelproduction.fr\/index.php?rest_route=\/wp\/v2\/pages"}],"about":[{"href":"https:\/\/crisbelproduction.fr\/index.php?rest_route=\/wp\/v2\/types\/page"}],"author":[{"embeddable":true,"href":"https:\/\/crisbelproduction.fr\/index.php?rest_route=\/wp\/v2\/users\/1"}],"replies":[{"embeddable":true,"href":"https:\/\/crisbelproduction.fr\/index.php?rest_route=%2Fwp%2Fv2%2Fcomments&post=240"}],"version-history":[{"count":15,"href":"https:\/\/crisbelproduction.fr\/index.php?rest_route=\/wp\/v2\/pages\/240\/revisions"}],"predecessor-version":[{"id":1406,"href":"https:\/\/crisbelproduction.fr\/index.php?rest_route=\/wp\/v2\/pages\/240\/revisions\/1406"}],"up":[{"embeddable":true,"href":"https:\/\/crisbelproduction.fr\/index.php?rest_route=\/wp\/v2\/pages\/1083"}],"wp:featuredmedia":[{"embeddable":true,"href":"https:\/\/crisbelproduction.fr\/index.php?rest_route=\/wp\/v2\/media\/146"}],"wp:attachment":[{"href":"https:\/\/crisbelproduction.fr\/index.php?rest_route=%2Fwp%2Fv2%2Fmedia&parent=240"}],"curies":[{"name":"wp","href":"https:\/\/api.w.org\/{rel}","templated":true}]}}